{"id":753,"date":"2018-03-11T18:13:23","date_gmt":"2018-03-11T17:13:23","guid":{"rendered":"http:\/\/schelphof.de\/wpnpz1\/?page_id=753"},"modified":"2020-01-14T11:49:22","modified_gmt":"2020-01-14T10:49:22","slug":"datenschutzerklaerung","status":"publish","type":"page","link":"https:\/\/schelphof.de\/wpnpz1\/datenschutzerklaerung\/","title":{"rendered":"Datenschutzerkl\u00e4rung"},"content":{"rendered":"<p><strong>Personenbezogene Daten<\/strong><br \/>\nDie Nutzung Des Informationsangebots von npzschelphof.de ist ohne Angabe personenbezogener Daten m\u00f6glich. Technisch bedingt werden bei der Nutzung der Internetseite neben Uhrzeit des Zugriffs, Datenaustausch, Browsertyp inkl. Version und Referrer auch die IP-Adresse protokolliert. Anhand der IP-Adresse ist es ggf. m\u00f6glich, Sie als Nutzer der Internetseite zu identifizieren. Diese Protokolldateien dienen neben statistischen Zwecken auch der technischen Instandhaltung, der Betriebssicherheit und der Fehlerkorrektur.<\/p>\n<p><strong>Cookies<\/strong><br \/>\nDie Website-Technik verwendet (Session-)Cookies, die im Browserverzeichnis ihres Endger\u00e4ts (PC, Laptop, Handy, etc.) hinterlegt werden. Cookie-Dateien dienen der Optimierung der Internetseiten. Nutzen Sie bei Bedarf die M\u00f6glichkeiten in dem von Ihnen verwendeten Browser, um bestehende Cookie-Dateien zu entfernen oder die Speicherung von Cookies g\u00e4nzlich zu verhindern. Wenn Sie Cookies g\u00e4nzlich unterbinden, kann die Website m\u00f6glicherweise nicht in vollem Funktionsumfang genutzt werden.<\/p>\n","protected":false},"excerpt":{"rendered":"<p>Personenbezogene Daten Die Nutzung Des Informationsangebots von npzschelphof.de ist ohne Angabe personenbezogener Daten m\u00f6glich. Technisch bedingt werden bei der Nutzung der Internetseite neben Uhrzeit des Zugriffs, Datenaustausch, Browsertyp inkl. Version und Referrer auch die IP-Adresse protokolliert. Anhand der IP-Adresse ist es ggf. m\u00f6glich, Sie als Nutzer der Internetseite zu identifizieren. Diese Protokolldateien dienen neben statistischen &hellip;<\/p>\n","protected":false},"author":1,"featured_media":0,"parent":0,"menu_order":0,"comment_status":"closed","ping_status":"closed","template":"","meta":{"footnotes":""},"class_list":["post-753","page","type-page","status-publish","hentry"],"_links":{"self":[{"href":"https:\/\/schelphof.de\/wpnpz1\/wp-json\/wp\/v2\/pages\/753","targetHints":{"allow":["GET"]}}],"collection":[{"href":"https:\/\/schelphof.de\/wpnpz1\/wp-json\/wp\/v2\/pages"}],"about":[{"href":"https:\/\/schelphof.de\/wpnpz1\/wp-json\/wp\/v2\/types\/page"}],"author":[{"embeddable":true,"href":"https:\/\/schelphof.de\/wpnpz1\/wp-json\/wp\/v2\/users\/1"}],"replies":[{"embeddable":true,"href":"https:\/\/schelphof.de\/wpnpz1\/wp-json\/wp\/v2\/comments?post=753"}],"version-history":[{"count":1,"href":"https:\/\/schelphof.de\/wpnpz1\/wp-json\/wp\/v2\/pages\/753\/revisions"}],"predecessor-version":[{"id":754,"href":"https:\/\/schelphof.de\/wpnpz1\/wp-json\/wp\/v2\/pages\/753\/revisions\/754"}],"wp:attachment":[{"href":"https:\/\/schelphof.de\/wpnpz1\/wp-json\/wp\/v2\/media?parent=753"}],"curies":[{"name":"wp","href":"https:\/\/api.w.org\/{rel}","templated":true}]}}