{"id":72,"date":"2018-02-02T13:56:42","date_gmt":"2018-02-02T12:56:42","guid":{"rendered":"http:\/\/schelphof.de\/wpnpz1\/?page_id=72"},"modified":"2026-01-19T13:40:27","modified_gmt":"2026-01-19T12:40:27","slug":"kita-schule","status":"publish","type":"page","link":"https:\/\/schelphof.de\/wpnpz1\/kita-schule\/","title":{"rendered":"Kita &#038; Schule"},"content":{"rendered":"\n<p>Liebe P\u00e4dagogInnen,<\/p>\n\n\n\n<p>unsere Angebote &#8211; halbt\u00e4gige Veranstaltungen und Projekte &#8211; sind f\u00fcr die Altersstufen von der Kita bis zur weiterf\u00fchrenden Schule konzipiert. Alle Themen und Projekte finden Sie im aktuellen <strong><a href=\"http:\/\/schelphof.de\/wpnpz1\/wp-content\/uploads\/Programm2026Homepage.pdf\">Programm<\/a>.<\/strong><\/p>\n\n\n\n<p>Veranstaltungen buchen Sie <strong>telefonisch 0521 3044063 <\/strong>oder <strong>per Mail <a href=\"mailto:npzschelphof@t-online.de\">npzschelphof@t-online.de<\/a><\/strong><\/p>\n\n\n<div class=\"wp-block-image\">\n<figure class=\"alignleft\"><img loading=\"lazy\" decoding=\"async\" width=\"320\" height=\"240\" src=\"http:\/\/schelphof.de\/wpnpz1\/wp-content\/uploads\/Gr\u00fcnes-Klassenzimmer-320x240.jpg\" alt=\"\" class=\"wp-image-74\"\/><\/figure>\n<\/div>\n\n\n<p class=\"has-text-align-left\"><strong><\/strong>Das <strong>Naturp\u00e4dagogische Zentrum Schelphof e.V. (NPZ)<\/strong> besteht seit 2001 als au\u00dferschulische <strong>umweltp\u00e4dagogische Bildungseinrichtung<\/strong> mit den Leitthemen <strong>\u201e\u00d6kologischer Landbau und b\u00e4uerliche Kulturlandschaft\u201c<\/strong> am \u00f6kologisch wirtschaftenden Schelphof in Bielefeld-Heepen.<\/p>\n\n\n\n<p class=\"has-text-align-left\">Wir sind Mitglied der <strong><a href=\"http:\/\/www.baglob.de\">Bundesarbeitsgemeinschaft Lernort Bauernhof<\/a><a href=\"http:\/\/www.baglob.de\"><img loading=\"lazy\" decoding=\"async\" class=\"alignnone wp-image-181\" src=\"http:\/\/schelphof.de\/wpnpz1\/wp-content\/uploads\/Logo-BAGLOB-gro\u00df-e1517912530567-320x129.jpg\" alt=\"\" width=\"69\" height=\"28\" srcset=\"https:\/\/schelphof.de\/wpnpz1\/wp-content\/uploads\/Logo-BAGLOB-gro\u00df-e1517912530567-320x129.jpg 320w, https:\/\/schelphof.de\/wpnpz1\/wp-content\/uploads\/Logo-BAGLOB-gro\u00df-e1517912530567.jpg 709w\" sizes=\"auto, (max-width: 69px) 100vw, 69px\" \/><\/a><\/strong> und der <a href=\"http:\/\/www.bielefelder-naturschule.de\"><strong>Bielefelder Naturschule&nbsp;<img loading=\"lazy\" decoding=\"async\" class=\"alignnone wp-image-183\" src=\"http:\/\/schelphof.de\/wpnpz1\/wp-content\/uploads\/Naturschule.jpg\" alt=\"\" width=\"93\" height=\"33\"><\/strong><\/a> &#8211; unterst\u00fctzt von der Sparkasse Bielefeld.<\/p>\n\n\n\n<p>Wir sind ebenfalls Mitglied der Arbeitsgemeinschaft Natur- und Umweltbildung <a href=\"http:\/\/www.anu.de\/\">ANU<\/a>. Wir teilen die <strong><a href=\"http:\/\/schelphof.de\/wpnpz1\/wp-content\/uploads\/ANU_gegen_Rechtsextremismus_Beschluss_MV_7.11.24_.pdf\">&#8222;Klare Haltung f\u00fcr Demokratie und Menschenrechte &#8211; gegen Rechtsextremismus und Rechtspopulismus&#8220;<\/a><\/strong><\/p>\n\n\n\n<p><\/p>\n","protected":false},"excerpt":{"rendered":"<p>Liebe P\u00e4dagogInnen, unsere Angebote &#8211; halbt\u00e4gige Veranstaltungen und Projekte &#8211; sind f\u00fcr die Altersstufen von der Kita bis zur weiterf\u00fchrenden Schule konzipiert. Alle Themen und Projekte finden Sie im aktuellen Programm. Veranstaltungen buchen Sie telefonisch 0521 3044063 oder per Mail npzschelphof@t-online.de Das Naturp\u00e4dagogische Zentrum Schelphof e.V. (NPZ) besteht seit 2001 als au\u00dferschulische umweltp\u00e4dagogische Bildungseinrichtung mit &hellip;<\/p>\n","protected":false},"author":2,"featured_media":0,"parent":0,"menu_order":0,"comment_status":"closed","ping_status":"closed","template":"","meta":{"footnotes":""},"class_list":["post-72","page","type-page","status-publish","hentry"],"_links":{"self":[{"href":"https:\/\/schelphof.de\/wpnpz1\/wp-json\/wp\/v2\/pages\/72","targetHints":{"allow":["GET"]}}],"collection":[{"href":"https:\/\/schelphof.de\/wpnpz1\/wp-json\/wp\/v2\/pages"}],"about":[{"href":"https:\/\/schelphof.de\/wpnpz1\/wp-json\/wp\/v2\/types\/page"}],"author":[{"embeddable":true,"href":"https:\/\/schelphof.de\/wpnpz1\/wp-json\/wp\/v2\/users\/2"}],"replies":[{"embeddable":true,"href":"https:\/\/schelphof.de\/wpnpz1\/wp-json\/wp\/v2\/comments?post=72"}],"version-history":[{"count":44,"href":"https:\/\/schelphof.de\/wpnpz1\/wp-json\/wp\/v2\/pages\/72\/revisions"}],"predecessor-version":[{"id":1358,"href":"https:\/\/schelphof.de\/wpnpz1\/wp-json\/wp\/v2\/pages\/72\/revisions\/1358"}],"wp:attachment":[{"href":"https:\/\/schelphof.de\/wpnpz1\/wp-json\/wp\/v2\/media?parent=72"}],"curies":[{"name":"wp","href":"https:\/\/api.w.org\/{rel}","templated":true}]}}