{"id":555,"date":"2018-02-23T09:51:31","date_gmt":"2018-02-23T08:51:31","guid":{"rendered":"http:\/\/schelphof.de\/wpnpz1\/?page_id=555"},"modified":"2020-01-14T12:04:44","modified_gmt":"2020-01-14T11:04:44","slug":"ehrenamt","status":"publish","type":"page","link":"https:\/\/schelphof.de\/wpnpz1\/mitarbeit\/ehrenamt\/","title":{"rendered":"Ehrenamt"},"content":{"rendered":"<p>Ihre\/Deine Unterst\u00fctzung, z.B. im g\u00e4rtnerischen oder p\u00e4dagogischen Bereich kommt gut an!<\/p>\n<p>Wir freuen uns auf MitmacherInnen.<\/p>\n","protected":false},"excerpt":{"rendered":"<p>Ihre\/Deine Unterst\u00fctzung, z.B. im g\u00e4rtnerischen oder p\u00e4dagogischen Bereich kommt gut an! Wir freuen uns auf MitmacherInnen.<\/p>\n","protected":false},"author":2,"featured_media":0,"parent":548,"menu_order":3,"comment_status":"closed","ping_status":"closed","template":"","meta":{"footnotes":""},"class_list":["post-555","page","type-page","status-publish","hentry"],"_links":{"self":[{"href":"https:\/\/schelphof.de\/wpnpz1\/wp-json\/wp\/v2\/pages\/555","targetHints":{"allow":["GET"]}}],"collection":[{"href":"https:\/\/schelphof.de\/wpnpz1\/wp-json\/wp\/v2\/pages"}],"about":[{"href":"https:\/\/schelphof.de\/wpnpz1\/wp-json\/wp\/v2\/types\/page"}],"author":[{"embeddable":true,"href":"https:\/\/schelphof.de\/wpnpz1\/wp-json\/wp\/v2\/users\/2"}],"replies":[{"embeddable":true,"href":"https:\/\/schelphof.de\/wpnpz1\/wp-json\/wp\/v2\/comments?post=555"}],"version-history":[{"count":3,"href":"https:\/\/schelphof.de\/wpnpz1\/wp-json\/wp\/v2\/pages\/555\/revisions"}],"predecessor-version":[{"id":680,"href":"https:\/\/schelphof.de\/wpnpz1\/wp-json\/wp\/v2\/pages\/555\/revisions\/680"}],"up":[{"embeddable":true,"href":"https:\/\/schelphof.de\/wpnpz1\/wp-json\/wp\/v2\/pages\/548"}],"wp:attachment":[{"href":"https:\/\/schelphof.de\/wpnpz1\/wp-json\/wp\/v2\/media?parent=555"}],"curies":[{"name":"wp","href":"https:\/\/api.w.org\/{rel}","templated":true}]}}