{"id":4,"date":"2018-01-28T15:07:43","date_gmt":"2018-01-28T14:07:43","guid":{"rendered":"http:\/\/schelphof.de\/wpnpz1\/?page_id=4"},"modified":"2024-07-24T10:17:51","modified_gmt":"2024-07-24T08:17:51","slug":"impressum","status":"publish","type":"page","link":"https:\/\/schelphof.de\/wpnpz1\/impressum\/","title":{"rendered":"Impressum"},"content":{"rendered":"<p><strong><img loading=\"lazy\" decoding=\"async\" class=\"alignnone size-medium wp-image-87\" src=\"http:\/\/schelphof.de\/wpnpz1\/wp-content\/uploads\/LOGO-NPZ-header2650x500-320x63.jpg\" alt=\"\" width=\"320\" height=\"63\" srcset=\"https:\/\/schelphof.de\/wpnpz1\/wp-content\/uploads\/LOGO-NPZ-header2650x500-320x63.jpg 320w, https:\/\/schelphof.de\/wpnpz1\/wp-content\/uploads\/LOGO-NPZ-header2650x500-768x150.jpg 768w, https:\/\/schelphof.de\/wpnpz1\/wp-content\/uploads\/LOGO-NPZ-header2650x500-1024x200.jpg 1024w\" sizes=\"auto, (max-width: 320px) 100vw, 320px\" \/><\/strong><\/p>\n<p><strong>Herausgeber<\/strong><br \/>\nNaturp\u00e4dagogisches Zentrum Schelphof e.V.<br \/>\nEckendorfer Str. 311, 33609 Bielefeld<br \/>\nTel. 0521 304 40 63<br \/>\nFax 0521 304 40 88<br \/>\n<a href=\"http:\/\/www.npzschelphof.de\">www.npzschelphof.de<\/a><br \/>\n<a href=\"mailto:npzschelphof@t-online.de\" target=\"_blank\" rel=\"noopener noreferrer\">npzschelphof@t-online.de<\/a><\/p>\n<p><strong>Vertretungsberechtigter Vorstand<\/strong><br \/>\nDr. Ulrike Letschert<br \/>\nBarbara Bayreuther-Finke<\/p>\n<p><strong>Registergericht<\/strong><br \/>\nAmtsgericht Bielefeld<\/p>\n<p><strong>Registernummer<\/strong><br \/>\nVR3466<\/p>\n<p><strong>Verantwortlich f\u00fcr den Inhalt dieser Seiten<br \/>\n<\/strong><br \/>\nAnne Wehmeier<\/p>\n<p><strong>Copyright<\/strong><br \/>\nFotos und Artikel sind urheberrechtlich gesch\u00fctzt. Sie d\u00fcrfen nicht frei verwendet werden. Urheberrecht Fotos, Anne Wehmeier, NPZ Schelphof e.V.<\/p>\n<p><strong>Haftungshinweis<\/strong><br \/>\nTrotz sorgf\u00e4ltiger inhaltlicher Kontrolle \u00fcbernehmen wir keine Haftung f\u00fcr die Inhalte externer Links. F\u00fcr die Inhalte aller verlinkten Seiten sind auschlie\u00dflich deren Betreiber verantwortlich.<\/p>\n","protected":false},"excerpt":{"rendered":"<p>Herausgeber Naturp\u00e4dagogisches Zentrum Schelphof e.V. Eckendorfer Str. 311, 33609 Bielefeld Tel. 0521 304 40 63 Fax 0521 304 40 88 www.npzschelphof.de npzschelphof@t-online.de Vertretungsberechtigter Vorstand Dr. Ulrike Letschert Barbara Bayreuther-Finke Registergericht Amtsgericht Bielefeld Registernummer VR3466 Verantwortlich f\u00fcr den Inhalt dieser Seiten Anne Wehmeier Copyright Fotos und Artikel sind urheberrechtlich gesch\u00fctzt. Sie d\u00fcrfen nicht frei verwendet werden. &hellip;<\/p>\n","protected":false},"author":1,"featured_media":0,"parent":0,"menu_order":0,"comment_status":"closed","ping_status":"closed","template":"","meta":{"footnotes":""},"class_list":["post-4","page","type-page","status-publish","hentry"],"_links":{"self":[{"href":"https:\/\/schelphof.de\/wpnpz1\/wp-json\/wp\/v2\/pages\/4","targetHints":{"allow":["GET"]}}],"collection":[{"href":"https:\/\/schelphof.de\/wpnpz1\/wp-json\/wp\/v2\/pages"}],"about":[{"href":"https:\/\/schelphof.de\/wpnpz1\/wp-json\/wp\/v2\/types\/page"}],"author":[{"embeddable":true,"href":"https:\/\/schelphof.de\/wpnpz1\/wp-json\/wp\/v2\/users\/1"}],"replies":[{"embeddable":true,"href":"https:\/\/schelphof.de\/wpnpz1\/wp-json\/wp\/v2\/comments?post=4"}],"version-history":[{"count":7,"href":"https:\/\/schelphof.de\/wpnpz1\/wp-json\/wp\/v2\/pages\/4\/revisions"}],"predecessor-version":[{"id":1247,"href":"https:\/\/schelphof.de\/wpnpz1\/wp-json\/wp\/v2\/pages\/4\/revisions\/1247"}],"wp:attachment":[{"href":"https:\/\/schelphof.de\/wpnpz1\/wp-json\/wp\/v2\/media?parent=4"}],"curies":[{"name":"wp","href":"https:\/\/api.w.org\/{rel}","templated":true}]}}