{"id":334,"date":"2018-02-08T10:41:48","date_gmt":"2018-02-08T09:41:48","guid":{"rendered":"http:\/\/schelphof.de\/wpnpz1\/?page_id=334"},"modified":"2020-01-14T11:35:56","modified_gmt":"2020-01-14T10:35:56","slug":"bielefeld-preis","status":"publish","type":"page","link":"https:\/\/schelphof.de\/wpnpz1\/npz\/bielefeld-preis\/","title":{"rendered":"Bielefeld-Preis 2013"},"content":{"rendered":"<p><strong>Umwelt &#8211; Natur &#8211; Schutz <\/strong>ist das Thema des Bielefeld-Preises 2013. Das NPZ gewinnt mit dem Projekt &#8222;Benjeshecken&#8220; den 1. Preis.<\/p>\n<p><img loading=\"lazy\" decoding=\"async\" class=\"size-medium wp-image-335 alignleft\" src=\"http:\/\/schelphof.de\/wpnpz1\/wp-content\/uploads\/P1030240_Gr\u00f6\u00dfenver\u00e4nderung-320x240.jpg\" alt=\"\" width=\"320\" height=\"240\" srcset=\"https:\/\/schelphof.de\/wpnpz1\/wp-content\/uploads\/P1030240_Gr\u00f6\u00dfenver\u00e4nderung-320x240.jpg 320w, https:\/\/schelphof.de\/wpnpz1\/wp-content\/uploads\/P1030240_Gr\u00f6\u00dfenver\u00e4nderung-768x576.jpg 768w, https:\/\/schelphof.de\/wpnpz1\/wp-content\/uploads\/P1030240_Gr\u00f6\u00dfenver\u00e4nderung-1024x768.jpg 1024w, https:\/\/schelphof.de\/wpnpz1\/wp-content\/uploads\/P1030240_Gr\u00f6\u00dfenver\u00e4nderung.jpg 1200w\" sizes=\"auto, (max-width: 320px) 100vw, 320px\" \/>Kinder sind handelnde Menschen und wirken automatisch mit, wenn es um die Sicherung von Lebensqualit\u00e4t f\u00fcr die Zukunft geht. Der direkte Naturkontakt ist wichtig, damit bereits Kinder lernen, verantwortungsvoll zu agieren und somit als Erwachsene von morgen nachhaltig zu handeln. F\u00fcr das NPZ bedeutet das, Kinder zu bef\u00e4higen, ihre soziale und nat\u00fcrliche <strong>Umwelt<\/strong> bewusst wahrzunehmen, zu bewerten und positiv mitzugestalten.<\/p>\n<p><strong><img loading=\"lazy\" decoding=\"async\" class=\"size-full wp-image-336 alignright\" src=\"http:\/\/schelphof.de\/wpnpz1\/wp-content\/uploads\/Gewinner_Kreis.png\" alt=\"\" width=\"185\" height=\"185\" \/>Natur <\/strong>in der Natur erleben und dar\u00fcber hinaus ihre Bedeutung als Lebensgrundlage kennen, lieben und sch\u00fctzen lernen ist ein wichtiges Anliegen des NPZ. Denn nur was man kennt, ist man bereit zu lieben und zu sch\u00fctzen.<\/p>\n<p>Seit 2007 Jahren schichten Schulklassen Benjeshecken im KulturLand Schelphof auf. Die Totholzhecken bieten Lebensraum und Schutz z.B. f\u00fcr Mauswiesel, Grasm\u00fccke oder Rebhuhn. Im praktischen Tun lernen Kinder nicht nur die heimische Umwelt kennen, sie lernen sie lieben und <strong>sch\u00fctzen.<\/strong><\/p>\n<p>&nbsp;<\/p>\n<p><strong>\u00a0<\/strong><\/p>\n<p>&nbsp;<\/p>\n","protected":false},"excerpt":{"rendered":"<p>Umwelt &#8211; Natur &#8211; Schutz ist das Thema des Bielefeld-Preises 2013. Das NPZ gewinnt mit dem Projekt &#8222;Benjeshecken&#8220; den 1. Preis. Kinder sind handelnde Menschen und wirken automatisch mit, wenn es um die Sicherung von Lebensqualit\u00e4t f\u00fcr die Zukunft geht. Der direkte Naturkontakt ist wichtig, damit bereits Kinder lernen, verantwortungsvoll zu agieren und somit als &hellip;<\/p>\n","protected":false},"author":2,"featured_media":0,"parent":206,"menu_order":4,"comment_status":"closed","ping_status":"closed","template":"","meta":{"footnotes":""},"class_list":["post-334","page","type-page","status-publish","hentry"],"_links":{"self":[{"href":"https:\/\/schelphof.de\/wpnpz1\/wp-json\/wp\/v2\/pages\/334","targetHints":{"allow":["GET"]}}],"collection":[{"href":"https:\/\/schelphof.de\/wpnpz1\/wp-json\/wp\/v2\/pages"}],"about":[{"href":"https:\/\/schelphof.de\/wpnpz1\/wp-json\/wp\/v2\/types\/page"}],"author":[{"embeddable":true,"href":"https:\/\/schelphof.de\/wpnpz1\/wp-json\/wp\/v2\/users\/2"}],"replies":[{"embeddable":true,"href":"https:\/\/schelphof.de\/wpnpz1\/wp-json\/wp\/v2\/comments?post=334"}],"version-history":[{"count":6,"href":"https:\/\/schelphof.de\/wpnpz1\/wp-json\/wp\/v2\/pages\/334\/revisions"}],"predecessor-version":[{"id":604,"href":"https:\/\/schelphof.de\/wpnpz1\/wp-json\/wp\/v2\/pages\/334\/revisions\/604"}],"up":[{"embeddable":true,"href":"https:\/\/schelphof.de\/wpnpz1\/wp-json\/wp\/v2\/pages\/206"}],"wp:attachment":[{"href":"https:\/\/schelphof.de\/wpnpz1\/wp-json\/wp\/v2\/media?parent=334"}],"curies":[{"name":"wp","href":"https:\/\/api.w.org\/{rel}","templated":true}]}}