{"id":33,"date":"2018-02-02T12:00:46","date_gmt":"2018-02-02T11:00:46","guid":{"rendered":"http:\/\/schelphof.de\/wpnpz1\/?page_id=33"},"modified":"2024-12-18T11:25:43","modified_gmt":"2024-12-18T10:25:43","slug":"praktikum","status":"publish","type":"page","link":"https:\/\/schelphof.de\/wpnpz1\/mitarbeit\/praktikum\/","title":{"rendered":"Praktikum"},"content":{"rendered":"<p><strong>PraktikantInnen herzlich willkommen!<\/strong><\/p>\n<p>Wir sind ein au\u00dferschulischer Lernort der Umweltbildung am Schelphof in Bielefeld \/Heepen. Uns besuchen Kinderg\u00e4rten und Schulen in halbt\u00e4gigen Veranstaltungen zu landwirtschaftlichen Themen (siehe <a href=\"http:\/\/schelphof.de\/wpnpz1\/wp-content\/uploads\/Programm2025Homepage.pdf\">Programm<\/a>).<\/p>\n<p><strong>PraktikantInnen sind herzlich willkommen, um in unserem Alltagsgeschehen mitzuwirken, sich selbst auszuprobieren und einen neuen Bereich kennen zu lernen.<\/strong><\/p>\n<p><strong>T\u00e4tigkeitsfelder f\u00fcr PraktikantInnen:<\/strong><\/p>\n<ul>\n<li><strong>Verwaltung<\/strong>: Vermittlung des laufenden Gesch\u00e4ftsstellenbetriebes, z.B. Terminierung von Veranstaltungen, inhaltliche Absprachen mit Gruppen, verwaltungstechnische Arbeitsabl\u00e4ufe, Materialplanung und Beschaffung, Dokumentation, Organisation von Presseterminen.<\/li>\n<li><strong><img loading=\"lazy\" decoding=\"async\" class=\"size-medium wp-image-41 alignright\" src=\"http:\/\/schelphof.de\/wpnpz1\/wp-content\/uploads\/DSCF0494verkleinert-e1517570681890-320x280.jpg\" alt=\"\" width=\"320\" height=\"280\" srcset=\"https:\/\/schelphof.de\/wpnpz1\/wp-content\/uploads\/DSCF0494verkleinert-e1517570681890-320x280.jpg 320w, https:\/\/schelphof.de\/wpnpz1\/wp-content\/uploads\/DSCF0494verkleinert-e1517570681890-768x673.jpg 768w, https:\/\/schelphof.de\/wpnpz1\/wp-content\/uploads\/DSCF0494verkleinert-e1517570681890-1024x897.jpg 1024w, https:\/\/schelphof.de\/wpnpz1\/wp-content\/uploads\/DSCF0494verkleinert-e1517570681890.jpg 1570w\" sizes=\"auto, (max-width: 320px) 100vw, 320px\" \/>Sozialarbeit\/Umweltp\u00e4dagogik<\/strong>\/<strong>Praxis:<\/strong> Einarbeitung in den konzeptionellen Hintergrund des\u00a0 NPZ e.V.,\u00a0 Einblick in die Bereiche \u00d6kologischer Landbau und Umweltp\u00e4dagogik, Konzeption und Durchf\u00fchrung vonAngeboten f\u00fcr Kindergartengruppen und Grundschulklassen. Z.B:<strong> Unterrichtsmaterialien, bzw. Inhalte konzipieren und erproben<\/strong>: Methoden der Sozialen Arbeit in die angewandte Umweltp\u00e4dagogik integrieren, Pr\u00e4sentationen erproben an einem Tag der offenen T\u00fcr, Entwicklung eines eigenen kleinen in sich geschlossenen Projektes innerhalb des Praktikums.<\/li>\n<li><strong>Reflexion<\/strong>: Reflexion der konzipierten und durchgef\u00fchrten Einheiten, des eigenen Handelns im Bereich Umweltp\u00e4dagogik und Sozialer Arbeit, des Praktikums.<\/li>\n<\/ul>\n<p><strong>Infos unter: Tel 0521 \/ 3044063<\/strong><\/p>\n","protected":false},"excerpt":{"rendered":"<p>PraktikantInnen herzlich willkommen! Wir sind ein au\u00dferschulischer Lernort der Umweltbildung am Schelphof in Bielefeld \/Heepen. Uns besuchen Kinderg\u00e4rten und Schulen in halbt\u00e4gigen Veranstaltungen zu landwirtschaftlichen Themen (siehe Programm). PraktikantInnen sind herzlich willkommen, um in unserem Alltagsgeschehen mitzuwirken, sich selbst auszuprobieren und einen neuen Bereich kennen zu lernen. T\u00e4tigkeitsfelder f\u00fcr PraktikantInnen: Verwaltung: Vermittlung des laufenden Gesch\u00e4ftsstellenbetriebes, &hellip;<\/p>\n","protected":false},"author":2,"featured_media":0,"parent":548,"menu_order":2,"comment_status":"closed","ping_status":"closed","template":"","meta":{"footnotes":""},"class_list":["post-33","page","type-page","status-publish","hentry"],"_links":{"self":[{"href":"https:\/\/schelphof.de\/wpnpz1\/wp-json\/wp\/v2\/pages\/33","targetHints":{"allow":["GET"]}}],"collection":[{"href":"https:\/\/schelphof.de\/wpnpz1\/wp-json\/wp\/v2\/pages"}],"about":[{"href":"https:\/\/schelphof.de\/wpnpz1\/wp-json\/wp\/v2\/types\/page"}],"author":[{"embeddable":true,"href":"https:\/\/schelphof.de\/wpnpz1\/wp-json\/wp\/v2\/users\/2"}],"replies":[{"embeddable":true,"href":"https:\/\/schelphof.de\/wpnpz1\/wp-json\/wp\/v2\/comments?post=33"}],"version-history":[{"count":15,"href":"https:\/\/schelphof.de\/wpnpz1\/wp-json\/wp\/v2\/pages\/33\/revisions"}],"predecessor-version":[{"id":1294,"href":"https:\/\/schelphof.de\/wpnpz1\/wp-json\/wp\/v2\/pages\/33\/revisions\/1294"}],"up":[{"embeddable":true,"href":"https:\/\/schelphof.de\/wpnpz1\/wp-json\/wp\/v2\/pages\/548"}],"wp:attachment":[{"href":"https:\/\/schelphof.de\/wpnpz1\/wp-json\/wp\/v2\/media?parent=33"}],"curies":[{"name":"wp","href":"https:\/\/api.w.org\/{rel}","templated":true}]}}