{"id":220,"date":"2018-02-06T13:16:37","date_gmt":"2018-02-06T12:16:37","guid":{"rendered":"http:\/\/schelphof.de\/wpnpz1\/?page_id=220"},"modified":"2020-01-14T11:19:52","modified_gmt":"2020-01-14T10:19:52","slug":"natur-und-landschaftsschutz","status":"publish","type":"page","link":"https:\/\/schelphof.de\/wpnpz1\/npz\/natur-und-landschaftsschutz\/","title":{"rendered":"Natur- und Landschaftsschutz"},"content":{"rendered":"<p>Der Schelphof liegt im Stadtteil Bielefeld-Heepen und ist Hauptbestandteil eines noch relativ gro\u00dfen Freiraumes (320ha) nord\u00f6stlich der M\u00fcllverbrennungsanlage. Dieses sogenannte <strong>Schelphofgebiet<\/strong> wird umgrenzt durch die Milser Stra\u00dfe im Norden, die Altenhagener Stra\u00dfe im Osten, die Eckendorfer Stra\u00dfe im S\u00fcden und den Schelpmilser Weg im Westen.<\/p>\n<p>Dieses ausgewiesene Landschaftsschutzgebiet z\u00e4hlt aus Sicht des Natur- und Landschaftsschutzes und f\u00fcr die Erholung zu den wertvollsten im Bielefelder Stadtgebiet. Naturr\u00e4umlich geh\u00f6rt dieses Gebiet zum <strong>Ravensberger H\u00fcgelland<\/strong>, geologisch zur Herforder Liasmulde. Weite Teile der Landschaft werden gepr\u00e4gt durch die Talauen von Windwehe, Lutter und Vogelbach und waren urspr\u00fcnglich feuchte Gr\u00fcnlandfl\u00e4chen, die in den 50er Jahren zum Teil in Ackerland umgewandelt wurden.<img loading=\"lazy\" decoding=\"async\" class=\"wp-image-346 alignright\" src=\"http:\/\/schelphof.de\/wpnpz1\/wp-content\/uploads\/103_4229-320x240.jpg\" alt=\"\" width=\"207\" height=\"155\" srcset=\"https:\/\/schelphof.de\/wpnpz1\/wp-content\/uploads\/103_4229-320x240.jpg 320w, https:\/\/schelphof.de\/wpnpz1\/wp-content\/uploads\/103_4229-768x576.jpg 768w, https:\/\/schelphof.de\/wpnpz1\/wp-content\/uploads\/103_4229.jpg 800w\" sizes=\"auto, (max-width: 207px) 100vw, 207px\" \/><\/p>\n<p>Heute findet sich hier eine b\u00e4uerliche Kulturlandschaft, die \u00f6kologisch sowie kulturhistorisch hochwertig einzustufen ist und landschaftlich reiche Strukturen besitzt. Ackerfl\u00e4chen, Weiden und Wiesen, kleine Waldst\u00fccke, B\u00e4che, etliche Kleinweiher und zahlreiche Feldhecken pr\u00e4gen das Landschaftsbild.<\/p>\n","protected":false},"excerpt":{"rendered":"<p>Der Schelphof liegt im Stadtteil Bielefeld-Heepen und ist Hauptbestandteil eines noch relativ gro\u00dfen Freiraumes (320ha) nord\u00f6stlich der M\u00fcllverbrennungsanlage. Dieses sogenannte Schelphofgebiet wird umgrenzt durch die Milser Stra\u00dfe im Norden, die Altenhagener Stra\u00dfe im Osten, die Eckendorfer Stra\u00dfe im S\u00fcden und den Schelpmilser Weg im Westen. Dieses ausgewiesene Landschaftsschutzgebiet z\u00e4hlt aus Sicht des Natur- und Landschaftsschutzes &hellip;<\/p>\n","protected":false},"author":2,"featured_media":0,"parent":206,"menu_order":7,"comment_status":"closed","ping_status":"closed","template":"","meta":{"footnotes":""},"class_list":["post-220","page","type-page","status-publish","hentry"],"_links":{"self":[{"href":"https:\/\/schelphof.de\/wpnpz1\/wp-json\/wp\/v2\/pages\/220","targetHints":{"allow":["GET"]}}],"collection":[{"href":"https:\/\/schelphof.de\/wpnpz1\/wp-json\/wp\/v2\/pages"}],"about":[{"href":"https:\/\/schelphof.de\/wpnpz1\/wp-json\/wp\/v2\/types\/page"}],"author":[{"embeddable":true,"href":"https:\/\/schelphof.de\/wpnpz1\/wp-json\/wp\/v2\/users\/2"}],"replies":[{"embeddable":true,"href":"https:\/\/schelphof.de\/wpnpz1\/wp-json\/wp\/v2\/comments?post=220"}],"version-history":[{"count":6,"href":"https:\/\/schelphof.de\/wpnpz1\/wp-json\/wp\/v2\/pages\/220\/revisions"}],"predecessor-version":[{"id":771,"href":"https:\/\/schelphof.de\/wpnpz1\/wp-json\/wp\/v2\/pages\/220\/revisions\/771"}],"up":[{"embeddable":true,"href":"https:\/\/schelphof.de\/wpnpz1\/wp-json\/wp\/v2\/pages\/206"}],"wp:attachment":[{"href":"https:\/\/schelphof.de\/wpnpz1\/wp-json\/wp\/v2\/media?parent=220"}],"curies":[{"name":"wp","href":"https:\/\/api.w.org\/{rel}","templated":true}]}}