{"id":209,"date":"2018-02-06T13:16:15","date_gmt":"2018-02-06T12:16:15","guid":{"rendered":"http:\/\/schelphof.de\/wpnpz1\/?page_id=209"},"modified":"2020-01-14T11:19:41","modified_gmt":"2020-01-14T10:19:41","slug":"modell-schelphof","status":"publish","type":"page","link":"https:\/\/schelphof.de\/wpnpz1\/npz\/modell-schelphof\/","title":{"rendered":"Modell Schelphof"},"content":{"rendered":"<p><img loading=\"lazy\" decoding=\"async\" class=\" wp-image-728 alignleft\" src=\"http:\/\/schelphof.de\/wpnpz1\/wp-content\/uploads\/Schelphof.jpg\" alt=\"\" width=\"206\" height=\"140\" \/>Die Hofanlage des Schelphofes ist eine der \u00e4ltesten Gr\u00fcndungen dieses Raumes. Das denkmalgesch\u00fctzte Geb\u00e4ude hat eine traditionsreiche Geschichte. Das eindrucksvolle Hauptgeb\u00e4ude &#8211; ein Vierst\u00e4nder Fachwerkbau &#8211; wurde in den Jahren um 1848 neu aufgebaut.<\/p>\n<p>Angesichts des hier noch relativ reichen Naturpotentials hat der Naturwissenschaftliche Verein f\u00fcr Bielefeld und Umgegend im Jahre 1986 der Stadt Bielefeld als Eigent\u00fcmerin ein Konzept, das sogenannte <strong>Modell Schelphof<\/strong> vorgeschlagen, mit den Zielen:<\/p>\n<ul>\n<li>den Freiraum zu erhalten<\/li>\n<li>die Natur zu sch\u00fctzen und weiter zu entwickeln sowie<img loading=\"lazy\" decoding=\"async\" class=\" wp-image-342 alignright\" src=\"http:\/\/schelphof.de\/wpnpz1\/wp-content\/uploads\/Deelent\u00fcr-226x320.jpg\" alt=\"\" width=\"162\" height=\"229\" srcset=\"https:\/\/schelphof.de\/wpnpz1\/wp-content\/uploads\/Deelent\u00fcr-226x320.jpg 226w, https:\/\/schelphof.de\/wpnpz1\/wp-content\/uploads\/Deelent\u00fcr-768x1086.jpg 768w, https:\/\/schelphof.de\/wpnpz1\/wp-content\/uploads\/Deelent\u00fcr-724x1024.jpg 724w, https:\/\/schelphof.de\/wpnpz1\/wp-content\/uploads\/Deelent\u00fcr.jpg 1240w\" sizes=\"auto, (max-width: 162px) 100vw, 162px\" \/><\/li>\n<li>eine naturvertr\u00e4gliche Landbewirtschaftung zu garantieren.<\/li>\n<\/ul>\n<p>Aufgrund der erfreulicherweise positiven Entscheidung der Stadt Bielefeld wurde eine Arbeitsgruppe Schelphof gebildet, die die Realisierung des Modells begleitete.<\/p>\n<p>Die Stadt Bielefeld verpachtet seit 1987 den Schelphof an die Familie Fischer mit dem Ziel, extensive Landwirtschaft mit Landschaftspflege zu vereinbaren. Das P\u00e4chterehepaar bewirtschaftet den Hof nach \u00f6kologischen Richtlinien und stellt dem NPZ einen kleinen Raum und eine Veranstaltungsfl\u00e4che zur Verf\u00fcgung.<\/p>\n<p>Bielefeld ist Mitglied im B\u00fcndnis Kommunen f\u00fcr biologische Vielfalt. Das Modell Schelphof ist ein Praxisbeispiel f\u00fcr nachhaltige Nutzung biologischer Vielfalt und \u00f6kologischer Landschaftsentwicklung <a href=\"https:\/\/www.kommbio.de\/praxisbeispiele\/schelphof\/\">http:\/\/www.kommbio.de\/praxisbeispiele\/schelphof\/<\/a><\/p>\n","protected":false},"excerpt":{"rendered":"<p>Die Hofanlage des Schelphofes ist eine der \u00e4ltesten Gr\u00fcndungen dieses Raumes. Das denkmalgesch\u00fctzte Geb\u00e4ude hat eine traditionsreiche Geschichte. Das eindrucksvolle Hauptgeb\u00e4ude &#8211; ein Vierst\u00e4nder Fachwerkbau &#8211; wurde in den Jahren um 1848 neu aufgebaut. Angesichts des hier noch relativ reichen Naturpotentials hat der Naturwissenschaftliche Verein f\u00fcr Bielefeld und Umgegend im Jahre 1986 der Stadt Bielefeld &hellip;<\/p>\n","protected":false},"author":2,"featured_media":0,"parent":206,"menu_order":6,"comment_status":"closed","ping_status":"closed","template":"","meta":{"footnotes":""},"class_list":["post-209","page","type-page","status-publish","hentry"],"_links":{"self":[{"href":"https:\/\/schelphof.de\/wpnpz1\/wp-json\/wp\/v2\/pages\/209","targetHints":{"allow":["GET"]}}],"collection":[{"href":"https:\/\/schelphof.de\/wpnpz1\/wp-json\/wp\/v2\/pages"}],"about":[{"href":"https:\/\/schelphof.de\/wpnpz1\/wp-json\/wp\/v2\/types\/page"}],"author":[{"embeddable":true,"href":"https:\/\/schelphof.de\/wpnpz1\/wp-json\/wp\/v2\/users\/2"}],"replies":[{"embeddable":true,"href":"https:\/\/schelphof.de\/wpnpz1\/wp-json\/wp\/v2\/comments?post=209"}],"version-history":[{"count":14,"href":"https:\/\/schelphof.de\/wpnpz1\/wp-json\/wp\/v2\/pages\/209\/revisions"}],"predecessor-version":[{"id":850,"href":"https:\/\/schelphof.de\/wpnpz1\/wp-json\/wp\/v2\/pages\/209\/revisions\/850"}],"up":[{"embeddable":true,"href":"https:\/\/schelphof.de\/wpnpz1\/wp-json\/wp\/v2\/pages\/206"}],"wp:attachment":[{"href":"https:\/\/schelphof.de\/wpnpz1\/wp-json\/wp\/v2\/media?parent=209"}],"curies":[{"name":"wp","href":"https:\/\/api.w.org\/{rel}","templated":true}]}}