{"id":175,"date":"2018-02-06T11:09:46","date_gmt":"2018-02-06T10:09:46","guid":{"rendered":"http:\/\/schelphof.de\/wpnpz1\/?page_id=175"},"modified":"2026-01-19T13:44:15","modified_gmt":"2026-01-19T12:44:15","slug":"sommerferien-2018","status":"publish","type":"page","link":"https:\/\/schelphof.de\/wpnpz1\/ferienangebote-offene-nachmittage\/sommerferien-2018\/","title":{"rendered":"Sommerferien 2026"},"content":{"rendered":"<p><strong>Kinder-Klima-Woche<\/strong><\/p>\n<p>Vom <strong>20.07.- 24.07.2026<\/strong>\u00a0findet unser Sommerferienprojekt f\u00fcr 9-13-j\u00e4hrige Kinder statt.<\/p>\n<p><img loading=\"lazy\" decoding=\"async\" class=\"wp-image-667 size-medium alignright\" src=\"http:\/\/schelphof.de\/wpnpz1\/wp-content\/uploads\/9_IMG_0776-320x240.jpg\" alt=\"\" width=\"320\" height=\"240\" srcset=\"https:\/\/schelphof.de\/wpnpz1\/wp-content\/uploads\/9_IMG_0776-320x240.jpg 320w, https:\/\/schelphof.de\/wpnpz1\/wp-content\/uploads\/9_IMG_0776-768x576.jpg 768w, https:\/\/schelphof.de\/wpnpz1\/wp-content\/uploads\/9_IMG_0776-1024x768.jpg 1024w, https:\/\/schelphof.de\/wpnpz1\/wp-content\/uploads\/9_IMG_0776.jpg 1632w\" sizes=\"auto, (max-width: 320px) 100vw, 320px\" \/>Die Sommerferien genie\u00dfen wir spielend und forschend am Natur-p\u00e4dagogischen Zentrum und in der Kulturlandschaft rund um den Schelphof.\u00a0\u00a0 Wir finden gemeinsam heraus, was \u00fcberhaupt das Klima ist. Kann man es riechen, sehen oder anfassen und wie wirkt das Klima auf uns Menschen und die Vielfalt von Tieren und Pflanzen?<\/p>\n<p>In Kleingruppen werden die Kinder von 9.00-14.00 Uhr betreut.<\/p>\n<p>Die Teilnahme kostet 30,-\u20ac \/Woche.<\/p>\n<p><strong>Infos und Anmeldung unter 0521.3044063\u00a0\u00a0\u00a0\u00a0\u00a0\u00a0\u00a0\u00a0<\/strong><\/p>\n\n\n<p><\/p>\n","protected":false},"excerpt":{"rendered":"<p>Kinder-Klima-Woche Vom 20.07.- 24.07.2026\u00a0findet unser Sommerferienprojekt f\u00fcr 9-13-j\u00e4hrige Kinder statt. Die Sommerferien genie\u00dfen wir spielend und forschend am Natur-p\u00e4dagogischen Zentrum und in der Kulturlandschaft rund um den Schelphof.\u00a0\u00a0 Wir finden gemeinsam heraus, was \u00fcberhaupt das Klima ist. Kann man es riechen, sehen oder anfassen und wie wirkt das Klima auf uns Menschen und die Vielfalt &hellip;<\/p>\n","protected":false},"author":2,"featured_media":0,"parent":160,"menu_order":2,"comment_status":"closed","ping_status":"closed","template":"","meta":{"footnotes":""},"class_list":["post-175","page","type-page","status-publish","hentry"],"_links":{"self":[{"href":"https:\/\/schelphof.de\/wpnpz1\/wp-json\/wp\/v2\/pages\/175","targetHints":{"allow":["GET"]}}],"collection":[{"href":"https:\/\/schelphof.de\/wpnpz1\/wp-json\/wp\/v2\/pages"}],"about":[{"href":"https:\/\/schelphof.de\/wpnpz1\/wp-json\/wp\/v2\/types\/page"}],"author":[{"embeddable":true,"href":"https:\/\/schelphof.de\/wpnpz1\/wp-json\/wp\/v2\/users\/2"}],"replies":[{"embeddable":true,"href":"https:\/\/schelphof.de\/wpnpz1\/wp-json\/wp\/v2\/comments?post=175"}],"version-history":[{"count":11,"href":"https:\/\/schelphof.de\/wpnpz1\/wp-json\/wp\/v2\/pages\/175\/revisions"}],"predecessor-version":[{"id":1363,"href":"https:\/\/schelphof.de\/wpnpz1\/wp-json\/wp\/v2\/pages\/175\/revisions\/1363"}],"up":[{"embeddable":true,"href":"https:\/\/schelphof.de\/wpnpz1\/wp-json\/wp\/v2\/pages\/160"}],"wp:attachment":[{"href":"https:\/\/schelphof.de\/wpnpz1\/wp-json\/wp\/v2\/media?parent=175"}],"curies":[{"name":"wp","href":"https:\/\/api.w.org\/{rel}","templated":true}]}}