{"id":133,"date":"2018-02-06T09:58:30","date_gmt":"2018-02-06T08:58:30","guid":{"rendered":"http:\/\/schelphof.de\/wpnpz1\/?page_id=133"},"modified":"2020-01-14T11:37:31","modified_gmt":"2020-01-14T10:37:31","slug":"zukunft-will-vielfalt-praxismappe","status":"publish","type":"page","link":"https:\/\/schelphof.de\/wpnpz1\/kita-schule\/bildungsmaterial\/zukunft-will-vielfalt-praxismappe\/","title":{"rendered":"Zukunft will Vielfalt &#8211; Praxismappe"},"content":{"rendered":"<p><strong>Biologische Vielfalt<\/strong> in der Umweltbildungsarbeit mit Kindern von 10-14 Jahren<\/p>\n<ul>\n<li>in Schulen<\/li>\n<li>in der OGS<\/li>\n<li>an au\u00dferschulischen Lernorten<\/li>\n<\/ul>\n<p><img loading=\"lazy\" decoding=\"async\" class=\" wp-image-140 alignleft\" src=\"http:\/\/schelphof.de\/wpnpz1\/wp-content\/uploads\/P1010006-apfel-320x240.jpg\" alt=\"\" width=\"181\" height=\"136\" srcset=\"https:\/\/schelphof.de\/wpnpz1\/wp-content\/uploads\/P1010006-apfel-320x240.jpg 320w, https:\/\/schelphof.de\/wpnpz1\/wp-content\/uploads\/P1010006-apfel-768x576.jpg 768w, https:\/\/schelphof.de\/wpnpz1\/wp-content\/uploads\/P1010006-apfel-1024x768.jpg 1024w\" sizes=\"auto, (max-width: 181px) 100vw, 181px\" \/>Unsere Praxismappe enth\u00e4lt ausgearbeitete Bausteine f\u00fcr Kinder von 10-14 Jahren zur Artenvielfalt Getreide, Sortenvielfalt Apfel und \u00d6kosystemvielfalt Schulgel\u00e4nde.<\/p>\n<p>F\u00fcr 3,-\u20ac (plus Porto) schicken wir Ihnen die Mappe als Printversion zu.<\/p>\n<p>Zum Download steht sie <a href=\"http:\/\/schelphof.de\/wpnpz1\/wp-content\/uploads\/npz-unterrichtsmappe-farbig-pdf-Homepage1.pdf\">hier<\/a> bereit.<\/p>\n<p>&nbsp;<\/p>\n","protected":false},"excerpt":{"rendered":"<p>Biologische Vielfalt in der Umweltbildungsarbeit mit Kindern von 10-14 Jahren in Schulen in der OGS an au\u00dferschulischen Lernorten Unsere Praxismappe enth\u00e4lt ausgearbeitete Bausteine f\u00fcr Kinder von 10-14 Jahren zur Artenvielfalt Getreide, Sortenvielfalt Apfel und \u00d6kosystemvielfalt Schulgel\u00e4nde. F\u00fcr 3,-\u20ac (plus Porto) schicken wir Ihnen die Mappe als Printversion zu. Zum Download steht sie hier bereit. &nbsp;<\/p>\n","protected":false},"author":2,"featured_media":0,"parent":81,"menu_order":2,"comment_status":"closed","ping_status":"closed","template":"","meta":{"footnotes":""},"class_list":["post-133","page","type-page","status-publish","hentry"],"_links":{"self":[{"href":"https:\/\/schelphof.de\/wpnpz1\/wp-json\/wp\/v2\/pages\/133","targetHints":{"allow":["GET"]}}],"collection":[{"href":"https:\/\/schelphof.de\/wpnpz1\/wp-json\/wp\/v2\/pages"}],"about":[{"href":"https:\/\/schelphof.de\/wpnpz1\/wp-json\/wp\/v2\/types\/page"}],"author":[{"embeddable":true,"href":"https:\/\/schelphof.de\/wpnpz1\/wp-json\/wp\/v2\/users\/2"}],"replies":[{"embeddable":true,"href":"https:\/\/schelphof.de\/wpnpz1\/wp-json\/wp\/v2\/comments?post=133"}],"version-history":[{"count":5,"href":"https:\/\/schelphof.de\/wpnpz1\/wp-json\/wp\/v2\/pages\/133\/revisions"}],"predecessor-version":[{"id":372,"href":"https:\/\/schelphof.de\/wpnpz1\/wp-json\/wp\/v2\/pages\/133\/revisions\/372"}],"up":[{"embeddable":true,"href":"https:\/\/schelphof.de\/wpnpz1\/wp-json\/wp\/v2\/pages\/81"}],"wp:attachment":[{"href":"https:\/\/schelphof.de\/wpnpz1\/wp-json\/wp\/v2\/media?parent=133"}],"curies":[{"name":"wp","href":"https:\/\/api.w.org\/{rel}","templated":true}]}}